{"id":437,"date":"2026-04-21T08:03:57","date_gmt":"2026-04-21T08:03:57","guid":{"rendered":"https:\/\/farmacianuriarodrigo.es\/catalogar\/?post_type=product&#038;p=437"},"modified":"2026-04-21T08:03:58","modified_gmt":"2026-04-21T08:03:58","slug":"inspicure","status":"publish","type":"product","link":"https:\/\/farmacianuriarodrigo.es\/catalogar\/product\/inspicure\/","title":{"rendered":"Inspicure"},"content":{"rendered":"<p data-start=\"27\" data-end=\"487\"><strong>Inspicure<\/strong> es un complemento en forma de c\u00e1psulas dise\u00f1ado para apoyar la <strong data-start=\"100\" data-end=\"158\">regulaci\u00f3n natural de los niveles de glucosa en sangre<\/strong>. Est\u00e1 orientado especialmente a personas que buscan mantener el equilibrio metab\u00f3lico y mejorar su bienestar general sin recurrir exclusivamente a soluciones farmacol\u00f3gicas tradicionales. Su f\u00f3rmula combina ingredientes de origen natural que trabajan de manera sin\u00e9rgica para favorecer la estabilidad del az\u00facar en el organismo.<\/p>\n<p data-start=\"489\" data-end=\"797\">Este tipo de producto resulta relevante para quienes desean complementar su estilo de vida saludable, incluyendo una dieta equilibrada y actividad f\u00edsica regular. La gesti\u00f3n de la glucosa es clave no solo para quienes padecen alteraciones metab\u00f3licas, sino tambi\u00e9n para prevenir complicaciones a largo plazo.<\/p>\n<p data-start=\"799\" data-end=\"862\"><strong>Entre los beneficios m\u00e1s destacados de Inspicure se encuentran:<\/strong><\/p>\n<ul data-start=\"864\" data-end=\"1059\">\n<li data-section-id=\"wa7jdn\" data-start=\"864\" data-end=\"913\">Apoyo en el control de los niveles de glucosa<\/li>\n<li data-section-id=\"un1lrh\" data-start=\"914\" data-end=\"961\">Mejora del metabolismo de los carbohidratos<\/li>\n<li data-section-id=\"1lkdc88\" data-start=\"962\" data-end=\"1010\">Contribuci\u00f3n al equilibrio energ\u00e9tico diario<\/li>\n<li data-section-id=\"aodlhp\" data-start=\"1011\" data-end=\"1059\">Reducci\u00f3n de fluctuaciones bruscas de az\u00facar<\/li>\n<\/ul>\n<p data-start=\"1061\" data-end=\"1334\">En Espa\u00f1a, cada vez m\u00e1s personas buscan soluciones naturales que acompa\u00f1en su tratamiento habitual o que ayuden a mantener una salud \u00f3ptima. Por ello, Inspicure se posiciona como una opci\u00f3n interesante dentro del mercado de suplementos enfocados en el bienestar metab\u00f3lico.<\/p>\n<h2 data-section-id=\"153sjqz\" data-start=\"1336\" data-end=\"1367\"><span role=\"text\"><strong data-start=\"1339\" data-end=\"1367\">Composici\u00f3n de Inspicure<\/strong><\/span><\/h2>\n<p data-start=\"1369\" data-end=\"1567\">La eficacia de Inspicure se basa en una selecci\u00f3n cuidada de ingredientes naturales conocidos por sus propiedades beneficiosas en el control de la glucosa. A continuaci\u00f3n, se detalla su composici\u00f3n:<\/p>\n<ul data-start=\"1569\" data-end=\"2472\">\n<li data-section-id=\"1bi078k\" data-start=\"1569\" data-end=\"1699\"><strong data-start=\"1571\" data-end=\"1593\">Extracto de canela<\/strong><br data-start=\"1593\" data-end=\"1596\" \/>Contribuye a mejorar la sensibilidad a la insulina y ayuda a regular los niveles de az\u00facar en sangre.<\/li>\n<li data-section-id=\"70lvge\" data-start=\"1701\" data-end=\"1846\"><strong data-start=\"1703\" data-end=\"1712\">Cromo<\/strong><br data-start=\"1712\" data-end=\"1715\" \/>Mineral esencial que participa en el metabolismo de los carbohidratos y favorece el mantenimiento de niveles normales de glucosa.<\/li>\n<li data-section-id=\"16nnxuf\" data-start=\"1848\" data-end=\"1990\"><strong data-start=\"1850\" data-end=\"1883\">Extracto de gymnema sylvestre<\/strong><br data-start=\"1883\" data-end=\"1886\" \/>Planta tradicional utilizada para reducir el deseo de consumir az\u00facar y apoyar la funci\u00f3n pancre\u00e1tica.<\/li>\n<li data-section-id=\"k6oq5q\" data-start=\"1992\" data-end=\"2109\"><strong data-start=\"1994\" data-end=\"2016\">\u00c1cido alfa lipoico<\/strong><br data-start=\"2016\" data-end=\"2019\" \/>Potente antioxidante que contribuye a la protecci\u00f3n celular y al metabolismo energ\u00e9tico.<\/li>\n<li data-section-id=\"2yyfj3\" data-start=\"2111\" data-end=\"2241\"><strong data-start=\"2113\" data-end=\"2143\">Extracto de hoja de morera<\/strong><br data-start=\"2143\" data-end=\"2146\" \/>Ayuda a disminuir la absorci\u00f3n de glucosa en el intestino, favoreciendo niveles m\u00e1s estables.<\/li>\n<li data-section-id=\"mz07wo\" data-start=\"2243\" data-end=\"2346\"><strong data-start=\"2245\" data-end=\"2253\">Zinc<\/strong><br data-start=\"2253\" data-end=\"2256\" \/>Mineral clave para el correcto funcionamiento del sistema inmunol\u00f3gico y el metabolismo.<\/li>\n<li data-section-id=\"3vee7s\" data-start=\"2348\" data-end=\"2472\"><strong data-start=\"2350\" data-end=\"2375\">Vitaminas del grupo B<\/strong><br data-start=\"2375\" data-end=\"2378\" \/>Participan en la producci\u00f3n de energ\u00eda y en el correcto funcionamiento del sistema nervioso.<\/li>\n<\/ul>\n<p data-start=\"2474\" data-end=\"2637\">Esta combinaci\u00f3n permite que Inspicure act\u00fae de forma integral, abordando diferentes aspectos relacionados con el metabolismo de la glucosa y el bienestar general.<\/p>\n<h2 data-section-id=\"1dmkrmn\" data-start=\"2639\" data-end=\"2683\"><span role=\"text\"><strong data-start=\"2642\" data-end=\"2683\">Efectos y funcionamiento de Inspicure<\/strong><\/span><\/h2>\n<p data-start=\"2685\" data-end=\"3016\">El funcionamiento de Inspicure se basa en un enfoque multifactorial que act\u00faa sobre varios procesos fisiol\u00f3gicos relacionados con el control del az\u00facar en sangre. Sus componentes trabajan conjuntamente para <strong data-start=\"2892\" data-end=\"2944\">mejorar la respuesta del organismo a la insulina<\/strong>, reducir la absorci\u00f3n de glucosa y optimizar el metabolismo energ\u00e9tico.<\/p>\n<p data-start=\"3018\" data-end=\"3315\">Uno de los principales efectos es la estabilizaci\u00f3n de los niveles de glucosa, evitando picos y ca\u00eddas bruscas que pueden generar fatiga, irritabilidad o antojos. Adem\u00e1s, algunos de sus ingredientes ayudan a reducir el estr\u00e9s oxidativo, un factor que puede influir negativamente en el metabolismo.<\/p>\n<p data-start=\"3317\" data-end=\"3364\"><strong>Entre los efectos m\u00e1s relevantes se encuentran:<\/strong><\/p>\n<ul data-start=\"3366\" data-end=\"3593\">\n<li data-section-id=\"vemyy4\" data-start=\"3366\" data-end=\"3419\"><strong data-start=\"3368\" data-end=\"3407\">Regulaci\u00f3n progresiva de la glucosa<\/strong> en sangre<\/li>\n<li data-section-id=\"xtp6wg\" data-start=\"3420\" data-end=\"3463\">Mejora de la sensibilidad a la insulina<\/li>\n<li data-section-id=\"13p84ku\" data-start=\"3464\" data-end=\"3512\">Disminuci\u00f3n del apetito por alimentos dulces<\/li>\n<li data-section-id=\"o5jhqk\" data-start=\"3513\" data-end=\"3545\">Aumento de la energ\u00eda diaria<\/li>\n<li data-section-id=\"17i4cun\" data-start=\"3546\" data-end=\"3593\">Apoyo al sistema antioxidante del organismo<\/li>\n<\/ul>\n<p data-start=\"3595\" data-end=\"3842\">El uso constante puede contribuir a un mayor equilibrio metab\u00f3lico, lo que resulta fundamental para mantener una buena calidad de vida. Aunque no sustituye tratamientos m\u00e9dicos, puede ser un complemento \u00fatil dentro de un enfoque integral de salud.<\/p>\n<h2 data-section-id=\"u5xjmc\" data-start=\"3844\" data-end=\"3871\"><span role=\"text\"><strong data-start=\"3847\" data-end=\"3871\">Instrucciones de uso<\/strong><\/span><\/h2>\n<p data-start=\"3873\" data-end=\"4082\">Para obtener los mejores resultados, es importante seguir correctamente las indicaciones de uso de Inspicure. La dosificaci\u00f3n adecuada permite aprovechar al m\u00e1ximo los beneficios de sus ingredientes naturales.<\/p>\n<p data-start=\"4084\" data-end=\"4112\"><strong>Generalmente, se recomienda:<\/strong><\/p>\n<ul data-start=\"4114\" data-end=\"4324\">\n<li data-section-id=\"90224g\" data-start=\"4114\" data-end=\"4186\">Tomar <strong data-start=\"4122\" data-end=\"4147\">1 o 2 c\u00e1psulas al d\u00eda<\/strong>, preferiblemente con un vaso de agua<\/li>\n<li data-section-id=\"4q59sx\" data-start=\"4187\" data-end=\"4239\">Consumir antes o durante las comidas principales<\/li>\n<li data-section-id=\"1xlqjbj\" data-start=\"4240\" data-end=\"4324\">Mantener una rutina constante para favorecer la acumulaci\u00f3n de efectos positivos<\/li>\n<\/ul>\n<p data-start=\"4326\" data-end=\"4381\"><strong>Es aconsejable acompa\u00f1ar su uso con h\u00e1bitos saludables:<\/strong><\/p>\n<ul data-start=\"4383\" data-end=\"4540\">\n<li data-section-id=\"uestbu\" data-start=\"4383\" data-end=\"4438\">Alimentaci\u00f3n equilibrada baja en az\u00facares refinados<\/li>\n<li data-section-id=\"8i1v28\" data-start=\"4439\" data-end=\"4467\">Actividad f\u00edsica regular<\/li>\n<li data-section-id=\"1sy0olq\" data-start=\"4468\" data-end=\"4492\">Hidrataci\u00f3n adecuada<\/li>\n<li data-section-id=\"ftbd65\" data-start=\"4493\" data-end=\"4540\">Control peri\u00f3dico de los niveles de glucosa<\/li>\n<\/ul>\n<p data-start=\"4542\" data-end=\"4765\">Respecto a d\u00f3nde comprar Inspicure en Espa\u00f1a, se recomienda optar por canales fiables como p\u00e1ginas oficiales o distribuidores autorizados. Esto garantiza la autenticidad del producto y evita riesgos asociados a imitaciones.<\/p>\n<h2 data-section-id=\"38nsay\" data-start=\"0\" data-end=\"26\"><span role=\"text\"><strong data-start=\"3\" data-end=\"26\">Precio de Inspicure<\/strong><\/span><\/h2>\n<p data-start=\"28\" data-end=\"359\">El precio de Inspicure puede variar dependiendo del distribuidor, la disponibilidad y las promociones vigentes en el momento de la compra. No se establece un coste fijo, ya que el fabricante suele ofrecer <strong data-start=\"233\" data-end=\"280\">condiciones especiales para nuevos clientes<\/strong>, as\u00ed como campa\u00f1as promocionales orientadas a facilitar el acceso al producto.<\/p>\n<p data-start=\"361\" data-end=\"708\">Es importante tener en cuenta que, en muchos casos, se pueden encontrar <strong data-start=\"433\" data-end=\"467\">descuentos por tiempo limitado<\/strong>, ofertas por la compra de varios envases o beneficios adicionales como env\u00edo gratuito. Estas oportunidades permiten adquirir el suplemento en condiciones m\u00e1s favorables, lo que resulta atractivo para quienes desean mantener un uso continuo.<\/p>\n<p data-start=\"710\" data-end=\"937\">Al evaluar el precio, tambi\u00e9n conviene considerar la calidad de los ingredientes y el enfoque natural del producto, aspectos que influyen en su posicionamiento dentro del mercado de suplementos para el equilibrio de la glucosa.<\/p>\n<p data-start=\"939\" data-end=\"997\"><strong>Algunos factores que pueden influir en el precio incluyen:<\/strong><\/p>\n<ul data-start=\"999\" data-end=\"1172\">\n<li data-section-id=\"1o3xky1\" data-start=\"999\" data-end=\"1049\">Promociones estacionales o campa\u00f1as especiales<\/li>\n<li data-section-id=\"1n7urx9\" data-start=\"1050\" data-end=\"1103\">Cantidad de envases adquiridos en un mismo pedido<\/li>\n<li data-section-id=\"1ft5274\" data-start=\"1104\" data-end=\"1131\">Disponibilidad de stock<\/li>\n<li data-section-id=\"17ccdw3\" data-start=\"1132\" data-end=\"1172\">Pol\u00edticas comerciales del fabricante<\/li>\n<\/ul>\n<p data-start=\"1174\" data-end=\"1349\">Por ello, se recomienda revisar peri\u00f3dicamente las condiciones de compra, ya que es habitual encontrar <strong data-start=\"1277\" data-end=\"1312\">ofertas y descuentos exclusivos<\/strong> que hacen m\u00e1s accesible el producto.<\/p>\n<h2 data-section-id=\"1n3hcf8\" data-start=\"1351\" data-end=\"1399\"><span role=\"text\"><strong data-start=\"1354\" data-end=\"1399\">\u00bfSe puede comprar Inspicure en farmacias?<\/strong><\/span><\/h2>\n<p data-start=\"1401\" data-end=\"1643\">Inspicure no suele estar disponible en farmacias tradicionales. Esto se debe a una estrategia de distribuci\u00f3n enfocada en evitar la proliferaci\u00f3n de productos falsificados y mantener un control m\u00e1s estricto sobre la calidad y el precio final.<\/p>\n<p data-start=\"1645\" data-end=\"1923\">La venta en farmacias f\u00edsicas puede implicar intermediarios, lo que a menudo conlleva <strong data-start=\"1731\" data-end=\"1758\">incrementos en el coste<\/strong> y una menor garant\u00eda de autenticidad. Adem\u00e1s, la alta demanda de este tipo de suplementos ha favorecido la aparici\u00f3n de imitaciones en algunos canales no oficiales.<\/p>\n<p data-start=\"1925\" data-end=\"2066\">Por estas razones, el fabricante ha optado por limitar su presencia en establecimientos f\u00edsicos, priorizando canales directos que garanticen:<\/p>\n<ul data-start=\"2068\" data-end=\"2216\">\n<li data-section-id=\"13gm2xo\" data-start=\"2068\" data-end=\"2097\">Autenticidad del producto<\/li>\n<li data-section-id=\"2ps47e\" data-start=\"2098\" data-end=\"2136\">Control de calidad desde el origen<\/li>\n<li data-section-id=\"18sysph\" data-start=\"2137\" data-end=\"2176\">Precio sin sobrecostes innecesarios<\/li>\n<li data-section-id=\"1yjr2ku\" data-start=\"2177\" data-end=\"2216\">Protecci\u00f3n frente a falsificaciones<\/li>\n<\/ul>\n<p data-start=\"2218\" data-end=\"2378\">Aunque en casos excepcionales podr\u00eda encontrarse en alguna farmacia, esto es <strong data-start=\"2295\" data-end=\"2317\">muy poco frecuente<\/strong>, por lo que no se considera la v\u00eda principal de adquisici\u00f3n.<\/p>\n<h2 data-section-id=\"kg2sbh\" data-start=\"2380\" data-end=\"2422\"><span role=\"text\"><strong data-start=\"2383\" data-end=\"2422\">\u00bfD\u00f3nde comprar Inspicure en Espa\u00f1a?<\/strong><\/span><\/h2>\n<p data-start=\"2424\" data-end=\"2659\">La forma m\u00e1s segura de comprar Inspicure en Espa\u00f1a es a trav\u00e9s del <strong data-start=\"2491\" data-end=\"2523\">sitio oficial del fabricante<\/strong>. Este canal garantiza que el producto sea original, cumpla con los est\u00e1ndares de calidad y llegue en condiciones \u00f3ptimas al consumidor.<\/p>\n<p data-start=\"2661\" data-end=\"2732\"><strong>Adquirirlo directamente desde la fuente oficial ofrece varias ventajas:<\/strong><\/p>\n<ul data-start=\"2734\" data-end=\"2882\">\n<li data-section-id=\"1l0n6ze\" data-start=\"2734\" data-end=\"2769\">Acceso a promociones exclusivas<\/li>\n<li data-section-id=\"6ganxz\" data-start=\"2770\" data-end=\"2798\">Garant\u00eda de autenticidad<\/li>\n<li data-section-id=\"1qeyv4i\" data-start=\"2799\" data-end=\"2844\">Informaci\u00f3n actualizada sobre el producto<\/li>\n<li data-section-id=\"1q04zoj\" data-start=\"2845\" data-end=\"2882\">Atenci\u00f3n al cliente especializada<\/li>\n<\/ul>\n<p data-start=\"2884\" data-end=\"3113\">El proceso de compra suele ser sencillo y r\u00e1pido, permitiendo realizar el pedido desde casa y recibirlo en pocos d\u00edas. Adem\u00e1s, este sistema reduce significativamente el riesgo de adquirir productos falsificados o de baja calidad.<\/p>\n<p data-start=\"3115\" data-end=\"3278\">Optar por el canal oficial es una decisi\u00f3n clave para quienes buscan resultados fiables y desean integrar Inspicure dentro de su rutina diaria con total confianza.<\/p>\n<h2 data-section-id=\"jt7z0b\" data-start=\"3280\" data-end=\"3343\"><span role=\"text\"><strong data-start=\"3283\" data-end=\"3343\">Opiniones y experiencias de los usuarios sobre Inspicure<\/strong><\/span><\/h2>\n<p data-start=\"3345\" data-end=\"3567\">Las opiniones de los usuarios reflejan experiencias variadas, aunque en muchos casos destacan mejoras en el bienestar general y en la estabilidad de los niveles de energ\u00eda. A continuaci\u00f3n, se presentan algunos testimonios:<\/p>\n<ul data-start=\"3569\" data-end=\"4001\">\n<li data-section-id=\"1l73lbl\" data-start=\"3569\" data-end=\"3797\"><strong data-start=\"3571\" data-end=\"3592\">Carlos M. \u2013 4.5\/5<\/strong><br data-start=\"3592\" data-end=\"3595\" \/><em data-start=\"3597\" data-end=\"3797\">\u201cDespu\u00e9s de varias semanas de uso, he notado que mis niveles de energ\u00eda son m\u00e1s estables durante el d\u00eda. Tambi\u00e9n siento menos antojos de dulces, lo que me ha ayudado a cuidar mejor mi alimentaci\u00f3n.\u201d<\/em><\/li>\n<li data-section-id=\"16y4vau\" data-start=\"3799\" data-end=\"4001\"><strong data-start=\"3801\" data-end=\"3819\">Laura G. \u2013 5\/5<\/strong><br data-start=\"3819\" data-end=\"3822\" \/><em data-start=\"3824\" data-end=\"4001\">\u201cBuscaba una opci\u00f3n natural para complementar mi rutina y este producto ha superado mis expectativas. Me siento m\u00e1s equilibrada y con mayor control sobre mis h\u00e1bitos diarios.\u201d<\/em><\/li>\n<\/ul>\n","protected":false},"excerpt":{"rendered":"<p>Inspicure es un complemento en forma de c\u00e1psulas dise\u00f1ado para apoyar la regulaci\u00f3n natural de los niveles de glucosa en sangre. Est\u00e1 orientado especialmente a personas que buscan mantener el equilibrio metab\u00f3lico y mejorar su bienestar general sin recurrir exclusivamente a soluciones farmacol\u00f3gicas tradicionales. Su f\u00f3rmula combina ingredientes de origen natural que trabajan de manera [&hellip;]<\/p>\n","protected":false},"featured_media":438,"comment_status":"open","ping_status":"closed","template":"","meta":[],"product_brand":[],"product_cat":[15],"product_tag":[],"class_list":{"0":"post-437","1":"product","2":"type-product","3":"status-publish","4":"has-post-thumbnail","6":"product_cat-nutra","8":"first","9":"instock","10":"sale","11":"shipping-taxable","12":"product-type-external"},"yoast_head":"<!-- This site is optimized with the Yoast SEO plugin v27.4 - https:\/\/yoast.com\/product\/yoast-seo-wordpress\/ -->\n<title>Inspicure - composici\u00f3n, efectos, opiniones, precio, comprar<\/title>\n<meta name=\"robots\" content=\"index, follow, max-snippet:-1, max-image-preview:large, max-video-preview:-1\" \/>\n<link rel=\"canonical\" href=\"https:\/\/farmacianuriarodrigo.es\/catalogar\/product\/inspicure\/\" \/>\n<meta property=\"og:locale\" content=\"es_ES\" \/>\n<meta property=\"og:type\" content=\"article\" \/>\n<meta property=\"og:title\" content=\"Inspicure - composici\u00f3n, efectos, opiniones, precio, comprar\" \/>\n<meta property=\"og:description\" content=\"Inspicure es un complemento en forma de c\u00e1psulas dise\u00f1ado para apoyar la regulaci\u00f3n natural de los niveles de glucosa en sangre. Est\u00e1 orientado especialmente a personas que buscan mantener el equilibrio metab\u00f3lico y mejorar su bienestar general sin recurrir exclusivamente a soluciones farmacol\u00f3gicas tradicionales. Su f\u00f3rmula combina ingredientes de origen natural que trabajan de manera [&hellip;]\" \/>\n<meta property=\"og:url\" content=\"https:\/\/farmacianuriarodrigo.es\/catalogar\/product\/inspicure\/\" \/>\n<meta property=\"og:site_name\" content=\"Farmacia NRodrigo\" \/>\n<meta property=\"article:modified_time\" content=\"2026-04-21T08:03:58+00:00\" \/>\n<meta property=\"og:image\" content=\"https:\/\/farmacianuriarodrigo.es\/catalogar\/wp-content\/uploads\/2026\/04\/inspicure.jpg\" \/>\n\t<meta property=\"og:image:width\" content=\"1880\" \/>\n\t<meta property=\"og:image:height\" content=\"1576\" \/>\n\t<meta property=\"og:image:type\" content=\"image\/jpeg\" \/>\n<meta name=\"twitter:card\" content=\"summary_large_image\" \/>\n<meta name=\"twitter:label1\" content=\"Tiempo de lectura\" \/>\n\t<meta name=\"twitter:data1\" content=\"6 minutos\" \/>\n<script type=\"application\/ld+json\" class=\"yoast-schema-graph\">{\"@context\":\"https:\\\/\\\/schema.org\",\"@graph\":[{\"@type\":\"WebPage\",\"@id\":\"https:\\\/\\\/farmacianuriarodrigo.es\\\/catalogar\\\/product\\\/inspicure\\\/\",\"url\":\"https:\\\/\\\/farmacianuriarodrigo.es\\\/catalogar\\\/product\\\/inspicure\\\/\",\"name\":\"Inspicure - composici\u00f3n, efectos, opiniones, precio, comprar\",\"isPartOf\":{\"@id\":\"https:\\\/\\\/farmacianuriarodrigo.es\\\/catalogar\\\/#website\"},\"primaryImageOfPage\":{\"@id\":\"https:\\\/\\\/farmacianuriarodrigo.es\\\/catalogar\\\/product\\\/inspicure\\\/#primaryimage\"},\"image\":{\"@id\":\"https:\\\/\\\/farmacianuriarodrigo.es\\\/catalogar\\\/product\\\/inspicure\\\/#primaryimage\"},\"thumbnailUrl\":\"https:\\\/\\\/farmacianuriarodrigo.es\\\/catalogar\\\/wp-content\\\/uploads\\\/2026\\\/04\\\/inspicure.jpg\",\"datePublished\":\"2026-04-21T08:03:57+00:00\",\"dateModified\":\"2026-04-21T08:03:58+00:00\",\"breadcrumb\":{\"@id\":\"https:\\\/\\\/farmacianuriarodrigo.es\\\/catalogar\\\/product\\\/inspicure\\\/#breadcrumb\"},\"inLanguage\":\"es\",\"potentialAction\":[{\"@type\":\"ReadAction\",\"target\":[\"https:\\\/\\\/farmacianuriarodrigo.es\\\/catalogar\\\/product\\\/inspicure\\\/\"]}]},{\"@type\":\"ImageObject\",\"inLanguage\":\"es\",\"@id\":\"https:\\\/\\\/farmacianuriarodrigo.es\\\/catalogar\\\/product\\\/inspicure\\\/#primaryimage\",\"url\":\"https:\\\/\\\/farmacianuriarodrigo.es\\\/catalogar\\\/wp-content\\\/uploads\\\/2026\\\/04\\\/inspicure.jpg\",\"contentUrl\":\"https:\\\/\\\/farmacianuriarodrigo.es\\\/catalogar\\\/wp-content\\\/uploads\\\/2026\\\/04\\\/inspicure.jpg\",\"width\":1880,\"height\":1576,\"caption\":\"Inspicure\"},{\"@type\":\"BreadcrumbList\",\"@id\":\"https:\\\/\\\/farmacianuriarodrigo.es\\\/catalogar\\\/product\\\/inspicure\\\/#breadcrumb\",\"itemListElement\":[{\"@type\":\"ListItem\",\"position\":1,\"name\":\"Home\",\"item\":\"https:\\\/\\\/farmacianuriarodrigo.es\\\/catalogar\\\/\"},{\"@type\":\"ListItem\",\"position\":2,\"name\":\"Catalogar\",\"item\":\"https:\\\/\\\/farmacianuriarodrigo.es\\\/catalogar\\\/\"},{\"@type\":\"ListItem\",\"position\":3,\"name\":\"Inspicure\"}]},{\"@type\":\"WebSite\",\"@id\":\"https:\\\/\\\/farmacianuriarodrigo.es\\\/catalogar\\\/#website\",\"url\":\"https:\\\/\\\/farmacianuriarodrigo.es\\\/catalogar\\\/\",\"name\":\"Farmacia NRodrigo\",\"description\":\"\",\"potentialAction\":[{\"@type\":\"SearchAction\",\"target\":{\"@type\":\"EntryPoint\",\"urlTemplate\":\"https:\\\/\\\/farmacianuriarodrigo.es\\\/catalogar\\\/?s={search_term_string}\"},\"query-input\":{\"@type\":\"PropertyValueSpecification\",\"valueRequired\":true,\"valueName\":\"search_term_string\"}}],\"inLanguage\":\"es\"}]}<\/script>\n<!-- \/ Yoast SEO plugin. -->","yoast_head_json":{"title":"Inspicure - composici\u00f3n, efectos, opiniones, precio, comprar","robots":{"index":"index","follow":"follow","max-snippet":"max-snippet:-1","max-image-preview":"max-image-preview:large","max-video-preview":"max-video-preview:-1"},"canonical":"https:\/\/farmacianuriarodrigo.es\/catalogar\/product\/inspicure\/","og_locale":"es_ES","og_type":"article","og_title":"Inspicure - composici\u00f3n, efectos, opiniones, precio, comprar","og_description":"Inspicure es un complemento en forma de c\u00e1psulas dise\u00f1ado para apoyar la regulaci\u00f3n natural de los niveles de glucosa en sangre. Est\u00e1 orientado especialmente a personas que buscan mantener el equilibrio metab\u00f3lico y mejorar su bienestar general sin recurrir exclusivamente a soluciones farmacol\u00f3gicas tradicionales. Su f\u00f3rmula combina ingredientes de origen natural que trabajan de manera [&hellip;]","og_url":"https:\/\/farmacianuriarodrigo.es\/catalogar\/product\/inspicure\/","og_site_name":"Farmacia NRodrigo","article_modified_time":"2026-04-21T08:03:58+00:00","og_image":[{"width":1880,"height":1576,"url":"https:\/\/farmacianuriarodrigo.es\/catalogar\/wp-content\/uploads\/2026\/04\/inspicure.jpg","type":"image\/jpeg"}],"twitter_card":"summary_large_image","twitter_misc":{"Tiempo de lectura":"6 minutos"},"schema":{"@context":"https:\/\/schema.org","@graph":[{"@type":"WebPage","@id":"https:\/\/farmacianuriarodrigo.es\/catalogar\/product\/inspicure\/","url":"https:\/\/farmacianuriarodrigo.es\/catalogar\/product\/inspicure\/","name":"Inspicure - composici\u00f3n, efectos, opiniones, precio, comprar","isPartOf":{"@id":"https:\/\/farmacianuriarodrigo.es\/catalogar\/#website"},"primaryImageOfPage":{"@id":"https:\/\/farmacianuriarodrigo.es\/catalogar\/product\/inspicure\/#primaryimage"},"image":{"@id":"https:\/\/farmacianuriarodrigo.es\/catalogar\/product\/inspicure\/#primaryimage"},"thumbnailUrl":"https:\/\/farmacianuriarodrigo.es\/catalogar\/wp-content\/uploads\/2026\/04\/inspicure.jpg","datePublished":"2026-04-21T08:03:57+00:00","dateModified":"2026-04-21T08:03:58+00:00","breadcrumb":{"@id":"https:\/\/farmacianuriarodrigo.es\/catalogar\/product\/inspicure\/#breadcrumb"},"inLanguage":"es","potentialAction":[{"@type":"ReadAction","target":["https:\/\/farmacianuriarodrigo.es\/catalogar\/product\/inspicure\/"]}]},{"@type":"ImageObject","inLanguage":"es","@id":"https:\/\/farmacianuriarodrigo.es\/catalogar\/product\/inspicure\/#primaryimage","url":"https:\/\/farmacianuriarodrigo.es\/catalogar\/wp-content\/uploads\/2026\/04\/inspicure.jpg","contentUrl":"https:\/\/farmacianuriarodrigo.es\/catalogar\/wp-content\/uploads\/2026\/04\/inspicure.jpg","width":1880,"height":1576,"caption":"Inspicure"},{"@type":"BreadcrumbList","@id":"https:\/\/farmacianuriarodrigo.es\/catalogar\/product\/inspicure\/#breadcrumb","itemListElement":[{"@type":"ListItem","position":1,"name":"Home","item":"https:\/\/farmacianuriarodrigo.es\/catalogar\/"},{"@type":"ListItem","position":2,"name":"Catalogar","item":"https:\/\/farmacianuriarodrigo.es\/catalogar\/"},{"@type":"ListItem","position":3,"name":"Inspicure"}]},{"@type":"WebSite","@id":"https:\/\/farmacianuriarodrigo.es\/catalogar\/#website","url":"https:\/\/farmacianuriarodrigo.es\/catalogar\/","name":"Farmacia NRodrigo","description":"","potentialAction":[{"@type":"SearchAction","target":{"@type":"EntryPoint","urlTemplate":"https:\/\/farmacianuriarodrigo.es\/catalogar\/?s={search_term_string}"},"query-input":{"@type":"PropertyValueSpecification","valueRequired":true,"valueName":"search_term_string"}}],"inLanguage":"es"}]}},"_links":{"self":[{"href":"https:\/\/farmacianuriarodrigo.es\/catalogar\/wp-json\/wp\/v2\/product\/437","targetHints":{"allow":["GET"]}}],"collection":[{"href":"https:\/\/farmacianuriarodrigo.es\/catalogar\/wp-json\/wp\/v2\/product"}],"about":[{"href":"https:\/\/farmacianuriarodrigo.es\/catalogar\/wp-json\/wp\/v2\/types\/product"}],"replies":[{"embeddable":true,"href":"https:\/\/farmacianuriarodrigo.es\/catalogar\/wp-json\/wp\/v2\/comments?post=437"}],"wp:featuredmedia":[{"embeddable":true,"href":"https:\/\/farmacianuriarodrigo.es\/catalogar\/wp-json\/wp\/v2\/media\/438"}],"wp:attachment":[{"href":"https:\/\/farmacianuriarodrigo.es\/catalogar\/wp-json\/wp\/v2\/media?parent=437"}],"wp:term":[{"taxonomy":"product_brand","embeddable":true,"href":"https:\/\/farmacianuriarodrigo.es\/catalogar\/wp-json\/wp\/v2\/product_brand?post=437"},{"taxonomy":"product_cat","embeddable":true,"href":"https:\/\/farmacianuriarodrigo.es\/catalogar\/wp-json\/wp\/v2\/product_cat?post=437"},{"taxonomy":"product_tag","embeddable":true,"href":"https:\/\/farmacianuriarodrigo.es\/catalogar\/wp-json\/wp\/v2\/product_tag?post=437"}],"curies":[{"name":"wp","href":"https:\/\/api.w.org\/{rel}","templated":true}]}}