{"id":61,"date":"2026-02-19T12:24:44","date_gmt":"2026-02-19T12:24:44","guid":{"rendered":"https:\/\/farmacianuriarodrigo.es\/catalogar\/?post_type=product&#038;p=61"},"modified":"2026-03-18T12:56:26","modified_gmt":"2026-03-18T12:56:26","slug":"vizonic","status":"publish","type":"product","link":"https:\/\/farmacianuriarodrigo.es\/catalogar\/product\/vizonic\/","title":{"rendered":"Vizonic"},"content":{"rendered":"<p data-start=\"22\" data-end=\"569\"><strong>Vizonic<\/strong> es un suplemento alimenticio dise\u00f1ado para mejorar la salud ocular y ayudar a prevenir los problemas de visi\u00f3n comunes, como la fatiga ocular, la visi\u00f3n borrosa o el deterioro relacionado con la edad. Estos problemas son frecuentes debido al uso prolongado de pantallas, el envejecimiento natural del cuerpo y otros factores ambientales. Las c\u00e1psulas de Vizonic contienen una combinaci\u00f3n de ingredientes naturales que trabajan de manera sin\u00e9rgica para mejorar la funci\u00f3n visual, restaurar la agudeza visual y reducir la incomodidad ocular.<\/p>\n<p data-start=\"571\" data-end=\"981\">Este producto est\u00e1 formulado con ingredientes que han demostrado en estudios cient\u00edficos tener beneficios sobre la salud ocular. El uso constante de Vizonic puede mejorar la circulaci\u00f3n sangu\u00ednea en los ojos, fortalecer las c\u00e9lulas retinianas y proteger los ojos de los da\u00f1os causados por los rayos UV. Adem\u00e1s, Vizonic promueve una mejor adaptabilidad a cambios de luz y favorece la salud general de la visi\u00f3n.<\/p>\n<h2 data-start=\"983\" data-end=\"1009\">Composici\u00f3n de Vizonic<\/h2>\n<p data-start=\"1011\" data-end=\"1261\">La composici\u00f3n de Vizonic es una de sus principales ventajas, ya que est\u00e1 elaborada con ingredientes naturales seleccionados espec\u00edficamente por sus propiedades beneficiosas para los ojos.<\/p>\n<p data-start=\"1011\" data-end=\"1261\"><strong>A continuaci\u00f3n, se detallan los componentes clave de Vizonic:<\/strong><\/p>\n<ul data-start=\"1263\" data-end=\"2247\">\n<li data-start=\"1263\" data-end=\"1397\">\n<p data-start=\"1265\" data-end=\"1397\"><strong data-start=\"1265\" data-end=\"1276\">Lute\u00edna<\/strong>: Un antioxidante potente que protege los ojos de los da\u00f1os causados por los radicales libres y mejora la agudeza visual.<\/p>\n<\/li>\n<li data-start=\"1398\" data-end=\"1513\">\n<p data-start=\"1400\" data-end=\"1513\"><strong data-start=\"1400\" data-end=\"1414\">Zeaxantina<\/strong>: Otro antioxidante que ayuda a filtrar la luz azul y protege la retina de la degeneraci\u00f3n macular.<\/p>\n<\/li>\n<li data-start=\"1514\" data-end=\"1646\">\n<p data-start=\"1516\" data-end=\"1646\"><strong data-start=\"1516\" data-end=\"1532\">Betacaroteno<\/strong>: Un precursor de la vitamina A, esencial para mantener la visi\u00f3n nocturna y mejorar la salud general de los ojos.<\/p>\n<\/li>\n<li data-start=\"1647\" data-end=\"1783\">\n<p data-start=\"1649\" data-end=\"1783\"><strong data-start=\"1649\" data-end=\"1668\">Vitaminas C y E<\/strong>: Ambas son esenciales para proteger los ojos de la oxidaci\u00f3n y mejorar la funci\u00f3n general de las c\u00e9lulas oculares.<\/p>\n<\/li>\n<li data-start=\"1784\" data-end=\"1912\">\n<p data-start=\"1786\" data-end=\"1912\"><strong data-start=\"1786\" data-end=\"1811\">\u00c1cidos grasos omega-3<\/strong>: Contribuyen a la salud de la membrana celular en los ojos y ayudan a reducir la inflamaci\u00f3n ocular.<\/p>\n<\/li>\n<li data-start=\"1913\" data-end=\"2045\">\n<p data-start=\"1915\" data-end=\"2045\"><strong data-start=\"1915\" data-end=\"1939\">Extracto de ar\u00e1ndano<\/strong>: Rico en antioxidantes, ayuda a mejorar la circulaci\u00f3n sangu\u00ednea en los ojos y previene la fatiga ocular.<\/p>\n<\/li>\n<li data-start=\"2046\" data-end=\"2147\">\n<p data-start=\"2048\" data-end=\"2147\"><strong data-start=\"2048\" data-end=\"2056\">Zinc<\/strong>: Es fundamental para la s\u00edntesis de la vitamina A y para mantener la visi\u00f3n a largo plazo.<\/p>\n<\/li>\n<li data-start=\"2148\" data-end=\"2244\">\n<p data-start=\"2150\" data-end=\"2244\"><strong data-start=\"2150\" data-end=\"2161\">Selenio<\/strong>: Protege las c\u00e9lulas oculares del da\u00f1o oxidativo y mejora la salud ocular general.<\/p>\n<\/li>\n<\/ul>\n<p data-start=\"2248\" data-end=\"2376\">Este completo conjunto de ingredientes naturales hace que Vizonic sea un suplemento eficaz y seguro para el cuidado de los ojos.<\/p>\n<h2 data-start=\"2378\" data-end=\"2417\">Efectos y funcionamiento de Vizonic<\/h2>\n<p data-start=\"2419\" data-end=\"2634\">Los efectos de Vizonic son notorios desde las primeras semanas de uso, ya que act\u00faa directamente sobre los factores que afectan la salud ocular. A continuaci\u00f3n, detallamos los principales beneficios y c\u00f3mo funciona:<\/p>\n<ol data-start=\"2636\" data-end=\"3740\">\n<li data-start=\"2636\" data-end=\"2854\">\n<p data-start=\"2639\" data-end=\"2854\"><strong data-start=\"2639\" data-end=\"2670\">Mejora de la agudeza visual<\/strong>: La lute\u00edna y la zeaxantina mejoran la capacidad del ojo para distinguir detalles, especialmente en condiciones de poca luz o cuando se realizan tareas prolongadas frente a pantallas.<\/p>\n<\/li>\n<li data-start=\"2859\" data-end=\"3157\">\n<p data-start=\"2862\" data-end=\"3157\"><strong data-start=\"2862\" data-end=\"2907\">Protecci\u00f3n contra la degeneraci\u00f3n macular<\/strong>: Gracias a su alto contenido de antioxidantes como el betacaroteno y las vitaminas C y E, Vizonic ayuda a prevenir los da\u00f1os causados por la luz azul de las pantallas y la luz solar, que pueden contribuir a enfermedades como la degeneraci\u00f3n macular.<\/p>\n<\/li>\n<li data-start=\"3159\" data-end=\"3366\">\n<p data-start=\"3162\" data-end=\"3366\"><strong data-start=\"3162\" data-end=\"3195\">Reducci\u00f3n de la fatiga ocular<\/strong>: Las c\u00e1psulas ayudan a reducir la sensaci\u00f3n de cansancio y dolor ocular despu\u00e9s de largas horas frente a un ordenador, tel\u00e9fono o cualquier otra fuente de luz artificial.<\/p>\n<\/li>\n<li data-start=\"3368\" data-end=\"3559\">\n<p data-start=\"3371\" data-end=\"3559\"><strong data-start=\"3371\" data-end=\"3414\">Mejor circulaci\u00f3n sangu\u00ednea en los ojos<\/strong>: El extracto de ar\u00e1ndano y los \u00e1cidos grasos omega-3 favorecen una mejor circulaci\u00f3n, lo que puede reducir la hinchaz\u00f3n y la incomodidad ocular.<\/p>\n<\/li>\n<li data-start=\"3561\" data-end=\"3740\">\n<p data-start=\"3564\" data-end=\"3740\"><strong data-start=\"3564\" data-end=\"3599\">Protecci\u00f3n frente a la luz azul<\/strong>: La lute\u00edna y la zeaxantina filtran la luz azul da\u00f1ina, lo que protege la retina de posibles da\u00f1os a largo plazo y mejora el confort visual.<\/p>\n<\/li>\n<\/ol>\n<p data-start=\"3742\" data-end=\"4011\">En conjunto, estos efectos contribuyen a la preservaci\u00f3n y mejora de la salud ocular, lo que hace que Vizonic sea un suplemento altamente recomendado para quienes buscan mantener sus ojos saludables, especialmente aquellos que pasan muchas horas frente a las pantallas.<\/p>\n<h2 data-start=\"4013\" data-end=\"4037\">Instrucciones de uso<\/h2>\n<p data-start=\"4039\" data-end=\"4229\">Para obtener los mejores resultados con Vizonic, es importante seguir las instrucciones de uso recomendadas por el fabricante. Estas son las pautas generales para el consumo de las c\u00e1psulas:<\/p>\n<ol data-start=\"4231\" data-end=\"5184\">\n<li data-start=\"4231\" data-end=\"4390\">\n<p data-start=\"4234\" data-end=\"4390\"><strong data-start=\"4234\" data-end=\"4255\">Dosis recomendada<\/strong>: Se recomienda tomar una c\u00e1psula de Vizonic al d\u00eda, preferentemente durante una comida para mejorar la absorci\u00f3n de los ingredientes.<\/p>\n<\/li>\n<li data-start=\"4395\" data-end=\"4681\">\n<p data-start=\"4398\" data-end=\"4681\"><strong data-start=\"4398\" data-end=\"4419\">Tiempo de consumo<\/strong>: Es recomendable tomar Vizonic durante al menos un mes para comenzar a notar los efectos positivos en la salud ocular. Para obtener beneficios a largo plazo, se recomienda continuar el uso durante varios meses, siempre siguiendo las indicaciones del fabricante.<\/p>\n<\/li>\n<li data-start=\"4686\" data-end=\"4840\">\n<p data-start=\"4689\" data-end=\"4840\"><strong data-start=\"4689\" data-end=\"4712\">No exceder la dosis<\/strong>: Aunque los ingredientes son naturales, es importante no exceder la dosis recomendada para evitar posibles efectos secundarios.<\/p>\n<\/li>\n<li data-start=\"4845\" data-end=\"5054\">\n<p data-start=\"4848\" data-end=\"5054\"><strong data-start=\"4848\" data-end=\"4875\">Complemento alimenticio<\/strong>: Vizonic debe ser utilizado como un complemento a una dieta equilibrada y un estilo de vida saludable. No debe sustituir otros tratamientos m\u00e9dicos prescritos por un profesional.<\/p>\n<\/li>\n<li data-start=\"5056\" data-end=\"5184\">\n<p data-start=\"5059\" data-end=\"5184\"><strong data-start=\"5059\" data-end=\"5073\">Almacenaje<\/strong>: Conservar las c\u00e1psulas en un lugar fresco y seco, alejado de la luz directa y fuera del alcance de los ni\u00f1os.<\/p>\n<\/li>\n<\/ol>\n<h2 data-start=\"0\" data-end=\"21\">Precio de Vizonic<\/h2>\n<p data-start=\"23\" data-end=\"550\">El precio de Vizonic puede variar dependiendo de la tienda y las promociones especiales disponibles en el momento de la compra. Sin embargo, es importante se\u00f1alar que, debido a las frecuentes ofertas y descuentos, los consumidores pueden encontrar precios m\u00e1s bajos en ciertos per\u00edodos del a\u00f1o, lo que hace que el suplemento sea m\u00e1s accesible para una mayor cantidad de personas. Las promociones suelen incluir descuentos por compras en paquetes, lo que puede ser conveniente para quienes desean usar Vizonic de forma continua.<\/p>\n<p data-start=\"552\" data-end=\"936\">Adem\u00e1s, los precios pueden variar seg\u00fan la regi\u00f3n, por lo que siempre es recomendable estar atento a las ofertas y rebajas disponibles en tiendas en l\u00ednea o sitios de distribuci\u00f3n autorizados. Tambi\u00e9n es importante recordar que Vizonic es un producto de alta calidad que se fabrica bajo est\u00e1ndares estrictos, lo que asegura que los consumidores obtengan lo mejor para su salud ocular.<\/p>\n<p data-start=\"938\" data-end=\"1232\">Por lo general, la compra de Vizonic a trav\u00e9s de canales oficiales asegura que el producto sea genuino y no haya alteraciones en su f\u00f3rmula, algo que puede ocurrir con productos comprados a trav\u00e9s de intermediarios no verificados. Por lo tanto, es esencial elegir bien d\u00f3nde realizar la compra.<\/p>\n<h2 data-start=\"1234\" data-end=\"1277\">\u00bfSe puede comprar Vizonic en farmacias?<\/h2>\n<p data-start=\"1279\" data-end=\"1756\">Aunque Vizonic es un suplemento popular para la mejora de la visi\u00f3n, no es tan com\u00fan encontrarlo en las farmacias f\u00edsicas tradicionales. Esto se debe, en parte, a la naturaleza de la distribuci\u00f3n del producto y a la preocupaci\u00f3n por la circulaci\u00f3n de productos falsificados o adulterados. Para evitar el riesgo de adquirir una copia no oficial del suplemento, muchas farmacias prefieren no vender Vizonic, especialmente cuando no pueden garantizar la autenticidad del producto.<\/p>\n<p data-start=\"1758\" data-end=\"2169\">Es importante tener en cuenta que Vizonic ha sido dise\u00f1ado para ser adquirido principalmente a trav\u00e9s de canales oficiales, como el sitio web del fabricante. Esto no solo garantiza que el producto sea genuino, sino que tambi\u00e9n permite acceder a ofertas especiales y descuentos exclusivos. Si bien algunas farmacias en l\u00ednea pueden tenerlo disponible, la disponibilidad en farmacias f\u00edsicas es bastante limitada.<\/p>\n<p data-start=\"2171\" data-end=\"2371\">Al elegir comprar Vizonic, es fundamental optar por una fuente confiable para evitar el riesgo de adquirir productos falsificados que puedan no proporcionar los mismos beneficios para la salud ocular.<\/p>\n<h2 data-start=\"2373\" data-end=\"2410\">\u00bfD\u00f3nde comprar Vizonic en Espa\u00f1a?<\/h2>\n<p data-start=\"2412\" data-end=\"2875\">La forma m\u00e1s segura y confiable de adquirir Vizonic en Espa\u00f1a es a trav\u00e9s del <strong data-start=\"2490\" data-end=\"2526\">sitio web oficial del fabricante<\/strong>. Comprar directamente desde la p\u00e1gina oficial no solo garantiza la autenticidad del producto, sino que tambi\u00e9n ofrece ventajas adicionales como descuentos exclusivos, opciones de env\u00edo r\u00e1pido y promociones especiales. Adem\u00e1s, al comprar en el sitio web oficial, el cliente tiene acceso a una pol\u00edtica de devoluciones y atenci\u00f3n al cliente dedicada.<\/p>\n<p data-start=\"2877\" data-end=\"3162\">El proceso de compra es sencillo y seguro, y los usuarios pueden seleccionar entre diferentes m\u00e9todos de pago. Este canal de venta tambi\u00e9n asegura que los consumidores reciban el producto en su forma m\u00e1s fresca y eficaz, sin riesgos de deterioro durante el transporte o almacenamiento.<\/p>\n<p data-start=\"3164\" data-end=\"3487\">Aunque algunas plataformas de terceros pueden ofrecer Vizonic, no se recomienda comprarlo fuera del sitio oficial, ya que se corre el riesgo de adquirir versiones falsificadas o alteradas del suplemento. Adem\u00e1s, los distribuidores no oficiales pueden aumentar el precio del producto sin ofrecer ninguna garant\u00eda de calidad.<\/p>\n<p data-start=\"3489\" data-end=\"3647\">Por lo tanto, para quienes deseen mejorar su salud ocular con Vizonic, la mejor opci\u00f3n sigue siendo <strong data-start=\"3589\" data-end=\"3646\">comprarlo directamente en el sitio web del fabricante<\/strong>.<\/p>\n<h2 data-start=\"3649\" data-end=\"3707\">Opiniones y experiencias de los usuarios sobre Vizonic<\/h2>\n<p data-start=\"3709\" data-end=\"4014\">Las opiniones de los usuarios que han probado Vizonic son generalmente positivas, especialmente entre aquellos que han experimentado fatiga ocular debido al uso prolongado de pantallas o problemas relacionados con la visi\u00f3n a medida que envejecen. Aqu\u00ed compartimos dos testimonios de usuarios satisfechos:<\/p>\n<ul>\n<li data-start=\"4016\" data-end=\"4457\"><strong data-start=\"4016\" data-end=\"4034\">Mar\u00eda Gonz\u00e1lez<\/strong> \u2013 <em data-start=\"4037\" data-end=\"4050\">5 estrellas<\/em><br data-start=\"4050\" data-end=\"4053\" \/><em data-start=\"4053\" data-end=\"4457\">\u00abLlevo usando Vizonic durante tres meses y ya he notado una mejora significativa en mi visi\u00f3n. Antes de empezar a tomar las c\u00e1psulas, sol\u00eda sentirme muy fatigada despu\u00e9s de trabajar muchas horas frente al ordenador, pero ahora mi vista se siente m\u00e1s clara y menos cansada. Adem\u00e1s, los colores son mucho m\u00e1s vibrantes y no tengo que forzar la vista para ver bien. Estoy muy contenta con los resultados.\u00bb<\/em><\/li>\n<li data-start=\"4459\" data-end=\"4876\"><strong data-start=\"4459\" data-end=\"4478\">Carlos Mart\u00ednez<\/strong> \u2013 <em data-start=\"4481\" data-end=\"4494\">4 estrellas<\/em><br data-start=\"4494\" data-end=\"4497\" \/><em data-start=\"4497\" data-end=\"4876\">\u00abComenc\u00e9 a tomar Vizonic despu\u00e9s de escuchar buenas recomendaciones de amigos. Me ha ayudado a reducir la incomodidad ocular que sent\u00eda debido al uso constante de dispositivos electr\u00f3nicos. Aunque los resultados no fueron inmediatos, despu\u00e9s de un par de semanas not\u00e9 una mejor\u00eda. Definitivamente seguir\u00e9 tom\u00e1ndolo como suplemento preventivo para mantener mis ojos saludables.\u00bb<\/em><\/li>\n<\/ul>\n","protected":false},"excerpt":{"rendered":"<p>Vizonic es un suplemento alimenticio dise\u00f1ado para mejorar la salud ocular y ayudar a prevenir los problemas de visi\u00f3n comunes, como la fatiga ocular, la visi\u00f3n borrosa o el deterioro relacionado con la edad. Estos problemas son frecuentes debido al uso prolongado de pantallas, el envejecimiento natural del cuerpo y otros factores ambientales. Las c\u00e1psulas [&hellip;]<\/p>\n","protected":false},"featured_media":62,"comment_status":"open","ping_status":"closed","template":"","meta":[],"product_brand":[],"product_cat":[15],"product_tag":[],"class_list":{"0":"post-61","1":"product","2":"type-product","3":"status-publish","4":"has-post-thumbnail","6":"product_cat-nutra","8":"first","9":"instock","10":"sale","11":"shipping-taxable","12":"product-type-external"},"yoast_head":"<!-- This site is optimized with the Yoast SEO plugin v27.3 - https:\/\/yoast.com\/product\/yoast-seo-wordpress\/ -->\n<title>Vizonic - composici\u00f3n, efectos, opiniones, precio, comprar<\/title>\n<meta name=\"robots\" content=\"index, follow, max-snippet:-1, max-image-preview:large, max-video-preview:-1\" \/>\n<link rel=\"canonical\" href=\"https:\/\/farmacianuriarodrigo.es\/catalogar\/product\/vizonic\/\" \/>\n<meta property=\"og:locale\" content=\"es_ES\" \/>\n<meta property=\"og:type\" content=\"article\" \/>\n<meta property=\"og:title\" content=\"Vizonic - composici\u00f3n, efectos, opiniones, precio, comprar\" \/>\n<meta property=\"og:description\" content=\"Vizonic es un suplemento alimenticio dise\u00f1ado para mejorar la salud ocular y ayudar a prevenir los problemas de visi\u00f3n comunes, como la fatiga ocular, la visi\u00f3n borrosa o el deterioro relacionado con la edad. Estos problemas son frecuentes debido al uso prolongado de pantallas, el envejecimiento natural del cuerpo y otros factores ambientales. Las c\u00e1psulas [&hellip;]\" \/>\n<meta property=\"og:url\" content=\"https:\/\/farmacianuriarodrigo.es\/catalogar\/product\/vizonic\/\" \/>\n<meta property=\"og:site_name\" content=\"Farmacia NRodrigo\" \/>\n<meta property=\"article:modified_time\" content=\"2026-03-18T12:56:26+00:00\" \/>\n<meta property=\"og:image\" content=\"https:\/\/farmacianuriarodrigo.es\/catalogar\/wp-content\/uploads\/2026\/02\/vizonic.png\" \/>\n\t<meta property=\"og:image:width\" content=\"700\" \/>\n\t<meta property=\"og:image:height\" content=\"700\" \/>\n\t<meta property=\"og:image:type\" content=\"image\/png\" \/>\n<meta name=\"twitter:card\" content=\"summary_large_image\" \/>\n<meta name=\"twitter:label1\" content=\"Tiempo de lectura\" \/>\n\t<meta name=\"twitter:data1\" content=\"8 minutos\" \/>\n<script type=\"application\/ld+json\" class=\"yoast-schema-graph\">{\"@context\":\"https:\\\/\\\/schema.org\",\"@graph\":[{\"@type\":\"WebPage\",\"@id\":\"https:\\\/\\\/farmacianuriarodrigo.es\\\/catalogar\\\/product\\\/vizonic\\\/\",\"url\":\"https:\\\/\\\/farmacianuriarodrigo.es\\\/catalogar\\\/product\\\/vizonic\\\/\",\"name\":\"Vizonic - composici\u00f3n, efectos, opiniones, precio, comprar\",\"isPartOf\":{\"@id\":\"https:\\\/\\\/farmacianuriarodrigo.es\\\/catalogar\\\/#website\"},\"primaryImageOfPage\":{\"@id\":\"https:\\\/\\\/farmacianuriarodrigo.es\\\/catalogar\\\/product\\\/vizonic\\\/#primaryimage\"},\"image\":{\"@id\":\"https:\\\/\\\/farmacianuriarodrigo.es\\\/catalogar\\\/product\\\/vizonic\\\/#primaryimage\"},\"thumbnailUrl\":\"https:\\\/\\\/farmacianuriarodrigo.es\\\/catalogar\\\/wp-content\\\/uploads\\\/2026\\\/02\\\/vizonic.png\",\"datePublished\":\"2026-02-19T12:24:44+00:00\",\"dateModified\":\"2026-03-18T12:56:26+00:00\",\"breadcrumb\":{\"@id\":\"https:\\\/\\\/farmacianuriarodrigo.es\\\/catalogar\\\/product\\\/vizonic\\\/#breadcrumb\"},\"inLanguage\":\"es\",\"potentialAction\":[{\"@type\":\"ReadAction\",\"target\":[\"https:\\\/\\\/farmacianuriarodrigo.es\\\/catalogar\\\/product\\\/vizonic\\\/\"]}]},{\"@type\":\"ImageObject\",\"inLanguage\":\"es\",\"@id\":\"https:\\\/\\\/farmacianuriarodrigo.es\\\/catalogar\\\/product\\\/vizonic\\\/#primaryimage\",\"url\":\"https:\\\/\\\/farmacianuriarodrigo.es\\\/catalogar\\\/wp-content\\\/uploads\\\/2026\\\/02\\\/vizonic.png\",\"contentUrl\":\"https:\\\/\\\/farmacianuriarodrigo.es\\\/catalogar\\\/wp-content\\\/uploads\\\/2026\\\/02\\\/vizonic.png\",\"width\":700,\"height\":700,\"caption\":\"Vizonic\"},{\"@type\":\"BreadcrumbList\",\"@id\":\"https:\\\/\\\/farmacianuriarodrigo.es\\\/catalogar\\\/product\\\/vizonic\\\/#breadcrumb\",\"itemListElement\":[{\"@type\":\"ListItem\",\"position\":1,\"name\":\"Home\",\"item\":\"https:\\\/\\\/farmacianuriarodrigo.es\\\/catalogar\\\/\"},{\"@type\":\"ListItem\",\"position\":2,\"name\":\"Catalogar\",\"item\":\"https:\\\/\\\/farmacianuriarodrigo.es\\\/catalogar\\\/\"},{\"@type\":\"ListItem\",\"position\":3,\"name\":\"Vizonic\"}]},{\"@type\":\"WebSite\",\"@id\":\"https:\\\/\\\/farmacianuriarodrigo.es\\\/catalogar\\\/#website\",\"url\":\"https:\\\/\\\/farmacianuriarodrigo.es\\\/catalogar\\\/\",\"name\":\"Farmacia NRodrigo\",\"description\":\"\",\"potentialAction\":[{\"@type\":\"SearchAction\",\"target\":{\"@type\":\"EntryPoint\",\"urlTemplate\":\"https:\\\/\\\/farmacianuriarodrigo.es\\\/catalogar\\\/?s={search_term_string}\"},\"query-input\":{\"@type\":\"PropertyValueSpecification\",\"valueRequired\":true,\"valueName\":\"search_term_string\"}}],\"inLanguage\":\"es\"}]}<\/script>\n<!-- \/ Yoast SEO plugin. -->","yoast_head_json":{"title":"Vizonic - composici\u00f3n, efectos, opiniones, precio, comprar","robots":{"index":"index","follow":"follow","max-snippet":"max-snippet:-1","max-image-preview":"max-image-preview:large","max-video-preview":"max-video-preview:-1"},"canonical":"https:\/\/farmacianuriarodrigo.es\/catalogar\/product\/vizonic\/","og_locale":"es_ES","og_type":"article","og_title":"Vizonic - composici\u00f3n, efectos, opiniones, precio, comprar","og_description":"Vizonic es un suplemento alimenticio dise\u00f1ado para mejorar la salud ocular y ayudar a prevenir los problemas de visi\u00f3n comunes, como la fatiga ocular, la visi\u00f3n borrosa o el deterioro relacionado con la edad. Estos problemas son frecuentes debido al uso prolongado de pantallas, el envejecimiento natural del cuerpo y otros factores ambientales. Las c\u00e1psulas [&hellip;]","og_url":"https:\/\/farmacianuriarodrigo.es\/catalogar\/product\/vizonic\/","og_site_name":"Farmacia NRodrigo","article_modified_time":"2026-03-18T12:56:26+00:00","og_image":[{"width":700,"height":700,"url":"https:\/\/farmacianuriarodrigo.es\/catalogar\/wp-content\/uploads\/2026\/02\/vizonic.png","type":"image\/png"}],"twitter_card":"summary_large_image","twitter_misc":{"Tiempo de lectura":"8 minutos"},"schema":{"@context":"https:\/\/schema.org","@graph":[{"@type":"WebPage","@id":"https:\/\/farmacianuriarodrigo.es\/catalogar\/product\/vizonic\/","url":"https:\/\/farmacianuriarodrigo.es\/catalogar\/product\/vizonic\/","name":"Vizonic - composici\u00f3n, efectos, opiniones, precio, comprar","isPartOf":{"@id":"https:\/\/farmacianuriarodrigo.es\/catalogar\/#website"},"primaryImageOfPage":{"@id":"https:\/\/farmacianuriarodrigo.es\/catalogar\/product\/vizonic\/#primaryimage"},"image":{"@id":"https:\/\/farmacianuriarodrigo.es\/catalogar\/product\/vizonic\/#primaryimage"},"thumbnailUrl":"https:\/\/farmacianuriarodrigo.es\/catalogar\/wp-content\/uploads\/2026\/02\/vizonic.png","datePublished":"2026-02-19T12:24:44+00:00","dateModified":"2026-03-18T12:56:26+00:00","breadcrumb":{"@id":"https:\/\/farmacianuriarodrigo.es\/catalogar\/product\/vizonic\/#breadcrumb"},"inLanguage":"es","potentialAction":[{"@type":"ReadAction","target":["https:\/\/farmacianuriarodrigo.es\/catalogar\/product\/vizonic\/"]}]},{"@type":"ImageObject","inLanguage":"es","@id":"https:\/\/farmacianuriarodrigo.es\/catalogar\/product\/vizonic\/#primaryimage","url":"https:\/\/farmacianuriarodrigo.es\/catalogar\/wp-content\/uploads\/2026\/02\/vizonic.png","contentUrl":"https:\/\/farmacianuriarodrigo.es\/catalogar\/wp-content\/uploads\/2026\/02\/vizonic.png","width":700,"height":700,"caption":"Vizonic"},{"@type":"BreadcrumbList","@id":"https:\/\/farmacianuriarodrigo.es\/catalogar\/product\/vizonic\/#breadcrumb","itemListElement":[{"@type":"ListItem","position":1,"name":"Home","item":"https:\/\/farmacianuriarodrigo.es\/catalogar\/"},{"@type":"ListItem","position":2,"name":"Catalogar","item":"https:\/\/farmacianuriarodrigo.es\/catalogar\/"},{"@type":"ListItem","position":3,"name":"Vizonic"}]},{"@type":"WebSite","@id":"https:\/\/farmacianuriarodrigo.es\/catalogar\/#website","url":"https:\/\/farmacianuriarodrigo.es\/catalogar\/","name":"Farmacia NRodrigo","description":"","potentialAction":[{"@type":"SearchAction","target":{"@type":"EntryPoint","urlTemplate":"https:\/\/farmacianuriarodrigo.es\/catalogar\/?s={search_term_string}"},"query-input":{"@type":"PropertyValueSpecification","valueRequired":true,"valueName":"search_term_string"}}],"inLanguage":"es"}]}},"_links":{"self":[{"href":"https:\/\/farmacianuriarodrigo.es\/catalogar\/wp-json\/wp\/v2\/product\/61","targetHints":{"allow":["GET"]}}],"collection":[{"href":"https:\/\/farmacianuriarodrigo.es\/catalogar\/wp-json\/wp\/v2\/product"}],"about":[{"href":"https:\/\/farmacianuriarodrigo.es\/catalogar\/wp-json\/wp\/v2\/types\/product"}],"replies":[{"embeddable":true,"href":"https:\/\/farmacianuriarodrigo.es\/catalogar\/wp-json\/wp\/v2\/comments?post=61"}],"wp:featuredmedia":[{"embeddable":true,"href":"https:\/\/farmacianuriarodrigo.es\/catalogar\/wp-json\/wp\/v2\/media\/62"}],"wp:attachment":[{"href":"https:\/\/farmacianuriarodrigo.es\/catalogar\/wp-json\/wp\/v2\/media?parent=61"}],"wp:term":[{"taxonomy":"product_brand","embeddable":true,"href":"https:\/\/farmacianuriarodrigo.es\/catalogar\/wp-json\/wp\/v2\/product_brand?post=61"},{"taxonomy":"product_cat","embeddable":true,"href":"https:\/\/farmacianuriarodrigo.es\/catalogar\/wp-json\/wp\/v2\/product_cat?post=61"},{"taxonomy":"product_tag","embeddable":true,"href":"https:\/\/farmacianuriarodrigo.es\/catalogar\/wp-json\/wp\/v2\/product_tag?post=61"}],"curies":[{"name":"wp","href":"https:\/\/api.w.org\/{rel}","templated":true}]}}